{"id":1230,"date":"2016-08-19T15:04:56","date_gmt":"2016-08-19T13:04:56","guid":{"rendered":"https:\/\/masazethajske.sk\/home-1\/"},"modified":"2025-08-08T13:33:45","modified_gmt":"2025-08-08T11:33:45","slug":"home-1","status":"publish","type":"page","link":"https:\/\/masazethajske.sk\/en\/","title":{"rendered":"Home"},"content":{"rendered":"<p>[vc_row full_width=&#8221;stretch_row&#8221; inverse=&#8221;&#8221; css=&#8221;.vc_custom_1669040883037{border-bottom-width: 64px !important;padding-top: 64px !important;background-color: #fcf2e9 !important;background-position: center !important;background-repeat: no-repeat !important;background-size: cover !important;}&#8221; el_id=&#8221;o-nas&#8221;][vc_column]<div class=\"columns_wrap sc_columns columns_nofluid sc_columns_count_2 margin_top_small margin_bottom_huge\" data-animation=\"animated fadeInUp normal\"><div class=\"column-1_2 sc_column_item sc_column_item_1 odd first\">[vc_single_image image=&#8221;983&#8243; img_size=&#8221;full&#8221; alignment=&#8221;center&#8221;]<\/div><div class=\"column-1_2 sc_column_item sc_column_item_2 even\" style=\"margin-top: -0.3em;text-align:left;\"><h2 class=\"sc_title sc_title_iconed margin_top_large\" style=\"font-size:32px;\"><span class=\"sc_title_icon sc_title_icon_top  sc_title_icon_medium\"><img decoding=\"async\" src=\"https:\/\/masazethajske.sk\/wp-content\/uploads\/2022\/11\/icon.png\" alt=\"\" \/><\/span>THAI MASSAGE CENTERS<\/h2>[vc_column_text]Traditional Thai massage has been practised in more or less its present form for more than 1,000 years . It is part of the family of oriental techniques based on the healing theory of intrinsic energy flows and energy balance, similar to the Chinese massage Tui Na, Indian ayurvedic manipulation based massage and the Japanese Shiatsu massage. An obvious Indian influence of yoga stretching and breathing but also the careful use of energy channels &#8211; the method is called Sen &#8211; is noticeable. In today&#8217;s words, traditional Thai massage removes the feeling of fatigue, muscle convulsions and nerve strain, stimulates blood and lymphatic circulation, and makes muscles, joints and tendons loose and flexible.<\/p>\n<p><strong>Massages are given by qualified Thai therapists, who have many years&#8217; experiences working in foreign spa resorts and physiotherapy facilities.<\/strong>[\/vc_column_text][vc_empty_space height=&#8221;0.3rem&#8221;]<\/div><\/div>[vc_empty_space height=&#8221;0.7rem&#8221;][\/vc_column][\/vc_row][vc_row full_width=&#8221;stretch_row&#8221; inverse=&#8221;&#8221; css=&#8221;.vc_custom_1695717865481{border-bottom-width: 64px !important;padding-top: 64px !important;background-position: center !important;background-repeat: no-repeat !important;background-size: cover !important;}&#8221; el_id=&#8221;voucher&#8221;][vc_column]<div class=\"columns_wrap sc_columns columns_nofluid sc_columns_count_1 margin_top_small margin_bottom_small\" data-animation=\"animated fadeInUp normal\"><div class=\"column-1_1 sc_column_item sc_column_item_1 odd first\"><h2 class=\"sc_title sc_title_iconed sc_align_center margin_top_large\" style=\"text-align:center;font-size:50px;\"><span class=\"sc_title_icon sc_title_icon_top  sc_title_icon_medium\"><img decoding=\"async\" src=\"https:\/\/masazethajske.sk\/wp-content\/uploads\/2022\/11\/icon.png\" alt=\"\" \/><\/span>GIFT VOUCHERS PROMOTION<\/h2>[vc_column_text]<\/p>\n<p style=\"text-align: center;\">Come, try our massages, and if you are satisfied, gift your loved ones.<br \/>\nWe offer benefits when purchasing vouchers. When you buy 5 vouchers, you get one free. We are looking forward to you<\/p>\n<p style=\"text-align: center;\"><em>Nawinda and her colleagues\u00a0<\/em><\/p>\n<p>[\/vc_column_text]<\/div><\/div><div class=\"columns_wrap sc_columns columns_nofluid sc_columns_count_3 margin_top_small margin_right_small margin_bottom_small margin_left_small\" data-animation=\"animated fadeInUp normal\"><div class=\"column-1_3 sc_column_item sc_column_item_1 odd first\">[vc_single_image image=&#8221;1282&#8243; img_size=&#8221;medium&#8221;]<\/div><div class=\"column-1_3 sc_column_item sc_column_item_2 even\">[vc_single_image image=&#8221;1284&#8243; img_size=&#8221;medium&#8221;]<\/div><div class=\"column-1_3 sc_column_item sc_column_item_3 odd\">[vc_single_image image=&#8221;1280&#8243; img_size=&#8221;medium&#8221;]<\/div><\/div><div class=\"columns_wrap sc_columns columns_nofluid sc_columns_count_1 margin_top_small margin_bottom_huge\" data-animation=\"animated fadeInUp normal\"><div class=\"column-1_1 sc_column_item sc_column_item_1 odd first\">[vc_column_text]<\/p>\n<h3 style=\"text-align: center; margin-top: 20px;\"><strong>Buy 5 get 1 FREE <\/strong><strong>\u2022 <\/strong><strong>Buy 10 get 2 FREE<\/strong><\/h3>\n<p style=\"text-align: center;\"><strong>If you are interested, please feel free to contact us:<br \/>\n<a href=\"mailto:nawinda@masazethajske.sk\">nawinda@masazethajske.sk<\/a> or <a href=\"tel:+421 949 759 750\">+421 949 759 750<\/a><\/strong><\/p>\n<p>[\/vc_column_text]<\/div><\/div>[vc_empty_space height=&#8221;0.7rem&#8221;][\/vc_column][\/vc_row][vc_row full_width=&#8221;stretch_row_content_no_spaces&#8221; content_placement=&#8221;middle&#8221; inverse=&#8221;yes&#8221; css=&#8221;.vc_custom_1669117118299{background-image: url(https:\/\/masazethajske.sk\/wp-content\/uploads\/2022\/11\/slide-30_black.jpg?id=953) !important;background-position: center !important;background-repeat: no-repeat !important;background-size: cover !important;}&#8221;][vc_column][vc_empty_space height=&#8221;150px&#8221;][vc_empty_space height=&#8221;150px&#8221;][\/vc_column][\/vc_row][vc_row full_width=&#8221;stretch_row&#8221; inverse=&#8221;&#8221; css=&#8221;.vc_custom_1669370673213{padding-top: 64px !important;padding-bottom: 64px !important;background: #ffffff url(https:\/\/masazethajske.sk\/wp-content\/uploads\/2022\/11\/bg.jpg?id=938) !important;background-position: center !important;background-repeat: no-repeat !important;background-size: cover !important;}&#8221; el_id=&#8221;galeria&#8221;][vc_column]<div class=\"sc_section margin_bottom_huge\" data-animation=\"animated fadeInUp normal\"><div class=\"sc_section_inner\"><div class=\"sc_section_content_wrap\"><h2 class=\"sc_title sc_title_iconed sc_align_center margin_top_large margin_bottom_large\" style=\"text-align:center;font-size:32px;\"><span class=\"sc_title_icon sc_title_icon_top  sc_title_icon_medium\"><img decoding=\"async\" src=\"https:\/\/masazethajske.sk\/wp-content\/uploads\/2022\/11\/icon.png\" alt=\"\" \/><\/span>GALLERY<\/h2><div class=\"columns_wrap sc_columns columns_nofluid sc_columns_count_2\"><div class=\"column-1_2 sc_column_item sc_column_item_1 odd first\">[vc_single_image image=&#8221;1264&#8243; img_size=&#8221;full&#8221;]<\/div><div class=\"column-1_2 sc_column_item sc_column_item_2 even\">[vc_single_image image=&#8221;1266&#8243; img_size=&#8221;full&#8221;]<\/div><\/div><div class=\"columns_wrap sc_columns columns_nofluid sc_columns_count_1\"><div class=\"column-1_1 sc_column_item sc_column_item_1 odd first\">[vc_empty_space][vc_gallery type=&#8221;image_grid&#8221; images=&#8221;1256,1258,1260,908,907,912,909,910,911,1326,1328,1330,1332,1334,1336,1338,1340,1342,1344,1346&#8243; img_size=&#8221;380&#215;280&#8243;]<\/div><div class=\"column-1_1 sc_column_item sc_column_item_2 even\"><\/div><\/div><\/div><\/div><\/div>[vc_empty_space height=&#8221;0.5rem&#8221;][\/vc_column][\/vc_row][vc_row full_width=&#8221;stretch_row&#8221; inverse=&#8221;&#8221; css=&#8221;.vc_custom_1669370665528{padding-top: 64px !important;padding-bottom: 64px !important;background-position: center !important;background-repeat: no-repeat !important;background-size: cover !important;}&#8221; el_id=&#8221;masaze&#8221;][vc_column css=&#8221;.vc_custom_1472483884914{margin-top: 0.5em !important;margin-bottom: 0.15em !important;}&#8221;]<h2 class=\"sc_title sc_title_iconed sc_align_center margin_top_large margin_bottom_large\" style=\"text-align:center;font-size:32px;\"><span class=\"sc_title_icon sc_title_icon_top  sc_title_icon_medium\"><img decoding=\"async\" src=\"https:\/\/masazethajske.sk\/wp-content\/uploads\/2022\/11\/icon.png\" alt=\"\" \/><\/span>THAI MASSAGES<\/h2><div id=\"sc_services_508685729_wrap\" class=\"sc_services_wrap\"><div id=\"sc_services_508685729\" class=\"sc_services sc_services_style_services-2 sc_services_type_icons  margin_top_large margin_bottom_large\" style=\"width:100%;\" data-animation=\"animated fadeInUp normal\"><div class=\"sc_columns columns_wrap\"><\/div><\/div><!-- \/.sc_services --><\/div><!-- \/.sc_services_wrap -->[\/vc_column][\/vc_row][vc_row full_width=&#8221;stretch_row_content_no_spaces&#8221; inverse=&#8221;yes&#8221; css=&#8221;.vc_custom_1669040685133{background-image: url(https:\/\/masazethajske.sk\/wp-content\/uploads\/2022\/11\/slide-30_black.jpg?id=953) !important;background-position: center !important;background-repeat: no-repeat !important;background-size: cover !important;}&#8221;][vc_column][vc_empty_space height=&#8221;150px&#8221;][vc_empty_space height=&#8221;150px&#8221;][\/vc_column][\/vc_row][vc_row el_id=&#8221;rezervacie&#8221; css=&#8221;.vc_custom_1669370711021{padding-top: 64px !important;padding-bottom: 64px !important;}&#8221;][vc_column css=&#8221;.vc_custom_1472822733363{margin-bottom: 1.2rem !important;}&#8221;]<div class=\"columns_wrap sc_columns columns_nofluid sc_columns_count_3\"><div class=\"column-1_3 sc_column_item sc_column_item_1 odd first\">[vc_empty_space height=&#8221;64px&#8221;]<h2 class=\"sc_title sc_title_iconed sc_align_center margin_top_huge margin_bottom_small\" style=\"text-align:center;font-size:32px;\"><span class=\"sc_title_icon sc_title_icon_top  sc_title_icon_medium\"><img decoding=\"async\" src=\"https:\/\/masazethajske.sk\/wp-content\/uploads\/2022\/11\/icon.png\" alt=\"\" \/><\/span>RESERVATIONS<\/h2>[vc_column_text]<\/p>\n<p style=\"text-align: center;\">+421 949 759 750<br \/>\nnawinda@masazethajske.sk<\/p>\n<p>[\/vc_column_text]<\/div><div class=\"column-1_3 sc_column_item sc_column_item_2 even\">[vc_empty_space height=&#8221;64px&#8221;][vc_single_image image=&#8221;924&#8243; img_size=&#8221;full&#8221;]<\/div><div class=\"column-1_3 sc_column_item sc_column_item_3 odd\">[vc_empty_space height=&#8221;64px&#8221;]<h2 class=\"sc_title sc_title_iconed sc_align_center margin_top_huge margin_bottom_small\" style=\"text-align:center;font-size:32px;\"><span class=\"sc_title_icon sc_title_icon_top  sc_title_icon_medium\"><img decoding=\"async\" src=\"https:\/\/masazethajske.sk\/wp-content\/uploads\/2022\/11\/icon.png\" alt=\"\" \/><\/span>OPENING HOURS<\/h2>[vc_column_text]<\/p>\n<p style=\"text-align: center;\">We are open\u00a07\u00a0days\u00a0a week<br \/>\n9:00 &#8211; 22:00<\/p>\n<p>[\/vc_column_text]<\/div><\/div>[\/vc_column][\/vc_row][vc_row full_width=&#8221;stretch_row&#8221; equal_height=&#8221;yes&#8221; content_placement=&#8221;middle&#8221; inverse=&#8221;&#8221; css=&#8221;.vc_custom_1669128501344{background-image: url(https:\/\/masazethajske.sk\/wp-content\/uploads\/2022\/11\/1920x1080px-bg-4.jpg?id=943) !important;}&#8221;][vc_column width=&#8221;1\/3&#8243; css=&#8221;.vc_custom_1669127441976{margin: 0px !important;padding: 0px !important;}&#8221;][vc_single_image image=&#8221;1065&#8243; img_size=&#8221;full&#8221; alignment=&#8221;right&#8221;][\/vc_column][vc_column width=&#8221;1\/3&#8243; css=&#8221;.vc_custom_1669126776850{margin: 0px !important;padding: 0px !important;border: 0px initial !important;}&#8221;][vc_single_image image=&#8221;1034&#8243; img_size=&#8221;full&#8221;][\/vc_column][vc_column width=&#8221;1\/3&#8243; css=&#8221;.vc_custom_1669128129984{margin: 0px !important;padding: 0px !important;}&#8221;][vc_single_image image=&#8221;1063&#8243; img_size=&#8221;full&#8221; alignment=&#8221;right&#8221;][\/vc_column][\/vc_row][vc_row el_id=&#8221;kontakt&#8221; css=&#8221;.vc_custom_1669370683099{padding-top: 64px !important;padding-bottom: 64px !important;}&#8221;][vc_column]<h2 class=\"sc_title sc_title_iconed sc_align_center margin_top_huge margin_bottom_small\" style=\"text-align:center;font-size:32px;\"><span class=\"sc_title_icon sc_title_icon_top  sc_title_icon_medium\"><img decoding=\"async\" src=\"https:\/\/masazethajske.sk\/wp-content\/uploads\/2022\/11\/icon.png\" alt=\"\" \/><\/span>CONTACT<\/h2>[vc_column_text]<\/p>\n<h3 style=\"text-align: center;\"><strong>Vienna Gate &#8211; <\/strong><strong>Petr\u017ealka &#8211; Bratislava<\/strong><\/h3>\n<p style=\"text-align: center;\">Blok-A &#8211; 2nd floor<\/p>\n<p>[\/vc_column_text][vc_empty_space height=&#8221;150px&#8221;][\/vc_column][\/vc_row]<\/p>\n","protected":false},"excerpt":{"rendered":"<p>[vc_row full_width=&#8221;stretch_row&#8221; inverse=&#8221;&#8221; css=&#8221;.vc_custom_1669040883037{border-bottom-width: 64px !important;padding-top: 64px !important;background-color: #fcf2e9 !important;background-position: center !important;background-repeat: no-repeat !important;background-size: cover !important;}&#8221; el_id=&#8221;o-nas&#8221;][vc_column][vc_empty_space height=&#8221;0.7rem&#8221;][\/vc_column][\/vc_row][vc_row full_width=&#8221;stretch_row&#8221; inverse=&#8221;&#8221; css=&#8221;.vc_custom_1695717865481{border-bottom-width: 64px !important;padding-top: 64px !important;background-position: center !important;background-repeat: no-repeat !important;background-size: cover !important;}&#8221; el_id=&#8221;voucher&#8221;][vc_column][vc_empty_space height=&#8221;0.7rem&#8221;][\/vc_column][\/vc_row][vc_row full_width=&#8221;stretch_row_content_no_spaces&#8221; content_placement=&#8221;middle&#8221; inverse=&#8221;yes&#8221; css=&#8221;.vc_custom_1669117118299{background-image: url(https:\/\/masazethajske.sk\/wp-content\/uploads\/2022\/11\/slide-30_black.jpg?id=953) !important;background-position: center !important;background-repeat: no-repeat !important;background-size: cover !important;}&#8221;][vc_column][vc_empty_space height=&#8221;150px&#8221;][vc_empty_space height=&#8221;150px&#8221;][\/vc_column][\/vc_row][vc_row full_width=&#8221;stretch_row&#8221; inverse=&#8221;&#8221; css=&#8221;.vc_custom_1669370673213{padding-top: 64px !important;padding-bottom: 64px !important;background: #ffffff [&hellip;]<\/p>\n","protected":false},"author":1,"featured_media":0,"parent":0,"menu_order":0,"comment_status":"closed","ping_status":"closed","template":"","meta":{"footnotes":""},"class_list":["post-1230","page","type-page","status-publish","hentry"],"yoast_head":"<!-- This site is optimized with the Yoast SEO plugin v19.14 - https:\/\/yoast.com\/wordpress\/plugins\/seo\/ -->\n<title>Home - NawinDa - Thajsk\u00e9 mas\u00e1\u017ee - Bratislava<\/title>\n<meta name=\"robots\" content=\"index, follow, max-snippet:-1, max-image-preview:large, max-video-preview:-1\" \/>\n<link rel=\"canonical\" href=\"https:\/\/masazethajske.sk\/en\/\" \/>\n<meta property=\"og:locale\" content=\"en_US\" \/>\n<meta property=\"og:type\" content=\"article\" \/>\n<meta property=\"og:title\" content=\"Home - NawinDa - Thajsk\u00e9 mas\u00e1\u017ee - Bratislava\" \/>\n<meta property=\"og:description\" content=\"[vc_row full_width=&#8221;stretch_row&#8221; inverse=&#8221;&#8221; css=&#8221;.vc_custom_1669040883037{border-bottom-width: 64px !important;padding-top: 64px !important;background-color: #fcf2e9 !important;background-position: center !important;background-repeat: no-repeat !important;background-size: cover !important;}&#8221; el_id=&#8221;o-nas&#8221;][vc_column][vc_empty_space height=&#8221;0.7rem&#8221;][\/vc_column][\/vc_row][vc_row full_width=&#8221;stretch_row&#8221; inverse=&#8221;&#8221; css=&#8221;.vc_custom_1695717865481{border-bottom-width: 64px !important;padding-top: 64px !important;background-position: center !important;background-repeat: no-repeat !important;background-size: cover !important;}&#8221; el_id=&#8221;voucher&#8221;][vc_column][vc_empty_space height=&#8221;0.7rem&#8221;][\/vc_column][\/vc_row][vc_row full_width=&#8221;stretch_row_content_no_spaces&#8221; content_placement=&#8221;middle&#8221; inverse=&#8221;yes&#8221; css=&#8221;.vc_custom_1669117118299{background-image: url(https:\/\/masazethajske.sk\/wp-content\/uploads\/2022\/11\/slide-30_black.jpg?id=953) !important;background-position: center !important;background-repeat: no-repeat !important;background-size: cover !important;}&#8221;][vc_column][vc_empty_space height=&#8221;150px&#8221;][vc_empty_space height=&#8221;150px&#8221;][\/vc_column][\/vc_row][vc_row full_width=&#8221;stretch_row&#8221; inverse=&#8221;&#8221; css=&#8221;.vc_custom_1669370673213{padding-top: 64px !important;padding-bottom: 64px !important;background: #ffffff [&hellip;]\" \/>\n<meta property=\"og:url\" content=\"https:\/\/masazethajske.sk\/en\/\" \/>\n<meta property=\"og:site_name\" content=\"NawinDa - Thajsk\u00e9 mas\u00e1\u017ee - Bratislava\" \/>\n<meta property=\"article:modified_time\" content=\"2025-08-08T11:33:45+00:00\" \/>\n<meta name=\"twitter:card\" content=\"summary_large_image\" \/>\n<meta name=\"twitter:label1\" content=\"Est. reading time\" \/>\n\t<meta name=\"twitter:data1\" content=\"3 minutes\" \/>\n<script type=\"application\/ld+json\" class=\"yoast-schema-graph\">{\"@context\":\"https:\/\/schema.org\",\"@graph\":[{\"@type\":\"WebPage\",\"@id\":\"https:\/\/masazethajske.sk\/en\/\",\"url\":\"https:\/\/masazethajske.sk\/en\/\",\"name\":\"Home - NawinDa - Thajsk\u00e9 mas\u00e1\u017ee - Bratislava\",\"isPartOf\":{\"@id\":\"https:\/\/masazethajske.sk\/en\/#website\"},\"datePublished\":\"2016-08-19T13:04:56+00:00\",\"dateModified\":\"2025-08-08T11:33:45+00:00\",\"breadcrumb\":{\"@id\":\"https:\/\/masazethajske.sk\/en\/#breadcrumb\"},\"inLanguage\":\"en-US\",\"potentialAction\":[{\"@type\":\"ReadAction\",\"target\":[\"https:\/\/masazethajske.sk\/en\/\"]}]},{\"@type\":\"BreadcrumbList\",\"@id\":\"https:\/\/masazethajske.sk\/en\/#breadcrumb\",\"itemListElement\":[{\"@type\":\"ListItem\",\"position\":1,\"name\":\"Domovsk\u00e1 str\u00e1nka\",\"item\":\"https:\/\/masazethajske.sk\/en\/home-1\/\"},{\"@type\":\"ListItem\",\"position\":2,\"name\":\"Home\"}]},{\"@type\":\"WebSite\",\"@id\":\"https:\/\/masazethajske.sk\/en\/#website\",\"url\":\"https:\/\/masazethajske.sk\/en\/\",\"name\":\"Thai Massage Relax\",\"description\":\"Thai Massage Relax\",\"publisher\":{\"@id\":\"https:\/\/masazethajske.sk\/en\/#organization\"},\"potentialAction\":[{\"@type\":\"SearchAction\",\"target\":{\"@type\":\"EntryPoint\",\"urlTemplate\":\"https:\/\/masazethajske.sk\/en\/?s={search_term_string}\"},\"query-input\":\"required name=search_term_string\"}],\"inLanguage\":\"en-US\"},{\"@type\":\"Organization\",\"@id\":\"https:\/\/masazethajske.sk\/en\/#organization\",\"name\":\"Thai Massage Relax\",\"url\":\"https:\/\/masazethajske.sk\/en\/\",\"logo\":{\"@type\":\"ImageObject\",\"inLanguage\":\"en-US\",\"@id\":\"https:\/\/masazethajske.sk\/en\/#\/schema\/logo\/image\/\",\"url\":\"https:\/\/masazethajske.sk\/wp-content\/uploads\/2022\/11\/NawinDa-logo-1.png\",\"contentUrl\":\"https:\/\/masazethajske.sk\/wp-content\/uploads\/2022\/11\/NawinDa-logo-1.png\",\"width\":2805,\"height\":2806,\"caption\":\"Thai Massage Relax\"},\"image\":{\"@id\":\"https:\/\/masazethajske.sk\/en\/#\/schema\/logo\/image\/\"}}]}<\/script>\n<!-- \/ Yoast SEO plugin. -->","yoast_head_json":{"title":"Home - NawinDa - Thajsk\u00e9 mas\u00e1\u017ee - Bratislava","robots":{"index":"index","follow":"follow","max-snippet":"max-snippet:-1","max-image-preview":"max-image-preview:large","max-video-preview":"max-video-preview:-1"},"canonical":"https:\/\/masazethajske.sk\/en\/","og_locale":"en_US","og_type":"article","og_title":"Home - NawinDa - Thajsk\u00e9 mas\u00e1\u017ee - Bratislava","og_description":"[vc_row full_width=&#8221;stretch_row&#8221; inverse=&#8221;&#8221; css=&#8221;.vc_custom_1669040883037{border-bottom-width: 64px !important;padding-top: 64px !important;background-color: #fcf2e9 !important;background-position: center !important;background-repeat: no-repeat !important;background-size: cover !important;}&#8221; el_id=&#8221;o-nas&#8221;][vc_column][vc_empty_space height=&#8221;0.7rem&#8221;][\/vc_column][\/vc_row][vc_row full_width=&#8221;stretch_row&#8221; inverse=&#8221;&#8221; css=&#8221;.vc_custom_1695717865481{border-bottom-width: 64px !important;padding-top: 64px !important;background-position: center !important;background-repeat: no-repeat !important;background-size: cover !important;}&#8221; el_id=&#8221;voucher&#8221;][vc_column][vc_empty_space height=&#8221;0.7rem&#8221;][\/vc_column][\/vc_row][vc_row full_width=&#8221;stretch_row_content_no_spaces&#8221; content_placement=&#8221;middle&#8221; inverse=&#8221;yes&#8221; css=&#8221;.vc_custom_1669117118299{background-image: url(https:\/\/masazethajske.sk\/wp-content\/uploads\/2022\/11\/slide-30_black.jpg?id=953) !important;background-position: center !important;background-repeat: no-repeat !important;background-size: cover !important;}&#8221;][vc_column][vc_empty_space height=&#8221;150px&#8221;][vc_empty_space height=&#8221;150px&#8221;][\/vc_column][\/vc_row][vc_row full_width=&#8221;stretch_row&#8221; inverse=&#8221;&#8221; css=&#8221;.vc_custom_1669370673213{padding-top: 64px !important;padding-bottom: 64px !important;background: #ffffff [&hellip;]","og_url":"https:\/\/masazethajske.sk\/en\/","og_site_name":"NawinDa - Thajsk\u00e9 mas\u00e1\u017ee - Bratislava","article_modified_time":"2025-08-08T11:33:45+00:00","twitter_card":"summary_large_image","twitter_misc":{"Est. reading time":"3 minutes"},"schema":{"@context":"https:\/\/schema.org","@graph":[{"@type":"WebPage","@id":"https:\/\/masazethajske.sk\/en\/","url":"https:\/\/masazethajske.sk\/en\/","name":"Home - NawinDa - Thajsk\u00e9 mas\u00e1\u017ee - Bratislava","isPartOf":{"@id":"https:\/\/masazethajske.sk\/en\/#website"},"datePublished":"2016-08-19T13:04:56+00:00","dateModified":"2025-08-08T11:33:45+00:00","breadcrumb":{"@id":"https:\/\/masazethajske.sk\/en\/#breadcrumb"},"inLanguage":"en-US","potentialAction":[{"@type":"ReadAction","target":["https:\/\/masazethajske.sk\/en\/"]}]},{"@type":"BreadcrumbList","@id":"https:\/\/masazethajske.sk\/en\/#breadcrumb","itemListElement":[{"@type":"ListItem","position":1,"name":"Domovsk\u00e1 str\u00e1nka","item":"https:\/\/masazethajske.sk\/en\/home-1\/"},{"@type":"ListItem","position":2,"name":"Home"}]},{"@type":"WebSite","@id":"https:\/\/masazethajske.sk\/en\/#website","url":"https:\/\/masazethajske.sk\/en\/","name":"Thai Massage Relax","description":"Thai Massage Relax","publisher":{"@id":"https:\/\/masazethajske.sk\/en\/#organization"},"potentialAction":[{"@type":"SearchAction","target":{"@type":"EntryPoint","urlTemplate":"https:\/\/masazethajske.sk\/en\/?s={search_term_string}"},"query-input":"required name=search_term_string"}],"inLanguage":"en-US"},{"@type":"Organization","@id":"https:\/\/masazethajske.sk\/en\/#organization","name":"Thai Massage Relax","url":"https:\/\/masazethajske.sk\/en\/","logo":{"@type":"ImageObject","inLanguage":"en-US","@id":"https:\/\/masazethajske.sk\/en\/#\/schema\/logo\/image\/","url":"https:\/\/masazethajske.sk\/wp-content\/uploads\/2022\/11\/NawinDa-logo-1.png","contentUrl":"https:\/\/masazethajske.sk\/wp-content\/uploads\/2022\/11\/NawinDa-logo-1.png","width":2805,"height":2806,"caption":"Thai Massage Relax"},"image":{"@id":"https:\/\/masazethajske.sk\/en\/#\/schema\/logo\/image\/"}}]}},"_links":{"self":[{"href":"https:\/\/masazethajske.sk\/en\/wp-json\/wp\/v2\/pages\/1230","targetHints":{"allow":["GET"]}}],"collection":[{"href":"https:\/\/masazethajske.sk\/en\/wp-json\/wp\/v2\/pages"}],"about":[{"href":"https:\/\/masazethajske.sk\/en\/wp-json\/wp\/v2\/types\/page"}],"author":[{"embeddable":true,"href":"https:\/\/masazethajske.sk\/en\/wp-json\/wp\/v2\/users\/1"}],"replies":[{"embeddable":true,"href":"https:\/\/masazethajske.sk\/en\/wp-json\/wp\/v2\/comments?post=1230"}],"version-history":[{"count":23,"href":"https:\/\/masazethajske.sk\/en\/wp-json\/wp\/v2\/pages\/1230\/revisions"}],"predecessor-version":[{"id":1352,"href":"https:\/\/masazethajske.sk\/en\/wp-json\/wp\/v2\/pages\/1230\/revisions\/1352"}],"wp:attachment":[{"href":"https:\/\/masazethajske.sk\/en\/wp-json\/wp\/v2\/media?parent=1230"}],"curies":[{"name":"wp","href":"https:\/\/api.w.org\/{rel}","templated":true}]}}